{"id":461015,"date":"2022-08-12T13:46:24","date_gmt":"2022-08-12T11:46:24","guid":{"rendered":"https:\/\/www.bonfiretravel.ch\/luxurioeser-service\/"},"modified":"2025-03-31T12:50:15","modified_gmt":"2025-03-31T10:50:15","slug":"luxurioeser-service","status":"publish","type":"page","link":"https:\/\/www.bonfiretravel.ch\/de\/luxurioeser-service\/","title":{"rendered":"Luxuri\u00f6ser Service"},"content":{"rendered":"<p>[et_pb_section fb_built=&#8220;1&#8243; _builder_version=&#8220;4.19.4&#8243; _module_preset=&#8220;2cddb5f3-c610-4bc9-a4d0-781fae2e0996&#8243; background_enable_image=&#8220;off&#8220; background_video_mp4=&#8220;https:\/\/www.bonfiretravel.ch\/wp-content\/uploads\/luxury2.mp4&#8243; background_last_edited=&#8220;on|tablet&#8220; use_background_color_gradient_tablet=&#8220;off&#8220; background_color_gradient_overlays_image_tablet=&#8220;on&#8220; background_enable_image_tablet=&#8220;off&#8220; background_position_tablet=&#8220;center_right&#8220; custom_css_before=&#8220;content: %22%22;||position: absolute;||top: 0;||left: 0;||width: 100%;||height: 100%;||background: black;||opacity: 35%;||z-index: 1;&#8220; global_colors_info=&#8220;{}&#8220;][et_pb_row column_structure=&#8220;1_2,1_2&#8243; _builder_version=&#8220;4.18.0&#8243; _module_preset=&#8220;default&#8220; global_colors_info=&#8220;{}&#8220;][et_pb_column type=&#8220;1_2&#8243; _builder_version=&#8220;4.18.0&#8243; _module_preset=&#8220;default&#8220; global_colors_info=&#8220;{}&#8220;][et_pb_text _builder_version=&#8220;4.19.4&#8243; _module_preset=&#8220;default&#8220; text_text_color=&#8220;#ffffff&#8220; header_font=&#8220;|||on|||||&#8220; text_text_color_tablet=&#8220;#FFFFFF&#8220; text_text_color_phone=&#8220;#FFFFFF&#8220; text_text_color_last_edited=&#8220;on|desktop&#8220; header_text_color_tablet=&#8220;#FFFFFF&#8220; header_text_color_phone=&#8220;#FFFFFF&#8220; header_text_color_last_edited=&#8220;on|tablet&#8220; global_colors_info=&#8220;{}&#8220;]<\/p>\n<h1><span style=\"color: #ffffff;\">Luxusreisen<\/span><\/h1>\n<p>Mit dem Expertenteam von Bonfire Travel k\u00f6nnen Sie sicher sein, dass Ihr n\u00e4chstes Abenteuer die Messlatte hoch ansetzen wird. Wir haben uns auf Luxusreisen spezialisiert und bieten einzigartige Erlebnisse, die auf alle Bed\u00fcrfnisse und W\u00fcnsche zugeschnitten sind!<\/p>\n<p>[\/et_pb_text][dsm_button button_one_text=&#8220;Mehr erfahren&#8220; button_one_url=&#8220;#section&#8220; button_two_text=&#8220;Kontakt&#8220; button_two_url=&#8220;https:\/\/www.bonfiretravel.ch\/de\/kontakt\/&#8220; _builder_version=&#8220;4.19.4&#8243; _module_preset=&#8220;757a6065-1178-4c27-b804-f4dee27fa815&#8243; button_one_border_color=&#8220;#ffffff&#8220; button_two_text_color=&#8220;#ffffff&#8220; button_two_border_color=&#8220;#ffffff&#8220; global_colors_info=&#8220;{}&#8220;][\/dsm_button][\/et_pb_column][et_pb_column type=&#8220;1_2&#8243; _builder_version=&#8220;4.18.0&#8243; _module_preset=&#8220;default&#8220; global_colors_info=&#8220;{}&#8220;][\/et_pb_column][\/et_pb_row][\/et_pb_section][et_pb_section fb_built=&#8220;1&#8243; module_id=&#8220;Abschnitt&#8220; _builder_version=&#8220;4.18.0&#8243; _module_preset=&#8220;default&#8220; background_color=&#8220;#191e28&#8243; locked=&#8220;off&#8220; global_colors_info=&#8220;{}&#8220;][et_pb_row _builder_version=&#8220;4.18.0&#8243; _module_preset=&#8220;ef910cda-aae3-4c78-9dd6-4fce19962e55&#8243; global_colors_info=&#8220;{}&#8220;][et_pb_column type=&#8220;4_4&#8243; _builder_version=&#8220;4.18.0&#8243; _module_preset=&#8220;default&#8220; global_colors_info=&#8220;{}&#8220;][et_pb_text _builder_version=&#8220;4.18.0&#8243; _module_preset=&#8220;default&#8220; text_text_color=&#8220;#FFFFFF&#8220; header_2_text_align=&#8220;center&#8220; text_orientation=&#8220;center&#8220; background_layout=&#8220;dark&#8220; global_colors_info=&#8220;{}&#8220;]<\/p>\n<h2>Planen Sie den perfekten Urlaub<\/h2>\n<p>Stellen Sie sich eine Welt vor, in der Sie alles haben k\u00f6nnen, ohne sich um die Details k\u00fcmmern zu m\u00fcssen. Mit unserem Luxus-Serviceplan f\u00fcr den Urlaub machen wir das m\u00f6glich!<\/p>\n<p>[\/et_pb_text][\/et_pb_column][\/et_pb_row][et_pb_row disabled_on=&#8220;off|off|off&#8220; _builder_version=&#8220;4.18.0&#8243; _module_preset=&#8220;default&#8220; global_colors_info=&#8220;{}&#8220;][et_pb_column type=&#8220;4_4&#8243; _builder_version=&#8220;4.18.0&#8243; _module_preset=&#8220;default&#8220; global_colors_info=&#8220;{}&#8220;][difl_cptgrid post_type=&#8220;project&#8220; posts_number=&#8220;100&#8243; post_display=&#8220;by_tax&#8220; tax_for_project=&#8220;project_category&#8220; project_terms_project_category=&#8220;12&#8243; item_background_bgcolor=&#8220;#FFFFFF&#8220; item_background_color_gradient_1=&#8220;#FFFFFF&#8220; item_background_color_gradient_2=&#8220;#d4dbe3&#8243; item_background_start_position=&#8220;91.5%&#8220; item_background_end_position=&#8220;91.5%&#8220; pagination_background_bgcolor=&#8220;#89c14a&#8220; active_pagination_background_bgcolor=&#8220;#FFFFFF&#8220; wrapper_margin=&#8220;0px||||false|false&#8220; item_wrapper_padding=&#8220;0px||||false|false&#8220; item_margin=&#8220;-44px||||false|false&#8220; item_margin_tablet=&#8220;-44px||||false|false&#8220; item_margin_phone=&#8220;-44px||||false|false&#8220; item_margin_last_edited=&#8220;off|desktop&#8220; item_padding=&#8220;0px||0px||false|false&#8220; pagination_padding=&#8220;6px|10px|6px|10px|true|true&#8220; pagination_number_padding=&#8220;6px|10px|6px|10px|true|true&#8220; column_tablet=&#8220;2&#8243; column_phone=&#8220;1&#8243; column_last_edited=&#8220;on|desktop&#8220; _builder_version=&#8220;4.27.4&#8243; _module_preset=&#8220;default&#8220; pagination_font=&#8220;Inter||||||||&#8220; pagination_text_color=&#8220;#FFFFFF&#8220; active_pagination_font=&#8220;Inter||||||||&#8220; active_pagination_text_color=&#8220;#89c14a&#8220; max_width_tablet=&#8220;&#8220; max_width_phone=&#8220;425px&#8220; max_width_last_edited=&#8220;on|phone&#8220; max_height_tablet=&#8220;&#8220; max_height_phone=&#8220;&#8220; max_height_last_edited=&#8220;on|tablet&#8220; hover_enabled=&#8220;0&#8243; module_alignment_tablet=&#8220;&#8220; module_alignment_phone=&#8220;center&#8220; module_alignment_last_edited=&#8220;on|phone&#8220; border_radii_item_outer=&#8220;on|3px|3px|3px|3px&#8220; border_color_all_item_outer=&#8220;RGBA(255,255,255,0)&#8220; border_radii_pagination=&#8220;on|2px|2px|2px|2px&#8220; border_width_all_pagination=&#8220;1px&#8220; border_color_all_pagination=&#8220;#89c14a&#8220; box_shadow_style_item_outer=&#8220;preset1&#8243; box_shadow_color_item_outer=&#8220;rgba(0,0,0,0.15)&#8220; locked=&#8220;off&#8220; global_colors_info=&#8220;{}&#8220; box_shadow_blur_item_outer__hover_enabled=&#8220;off|desktop&#8220; box_shadow_blur_item_outer__hover=&#8220;10px&#8220; box_shadow_color_item_outer__hover_enabled=&#8220;on|hover&#8220; box_shadow_color_item_outer__hover=&#8220;rgba(0,0,0,0.3)&#8220; sticky_enabled=&#8220;0&#8243;][difl_cptitem type=&#8220;image&#8220; image_size=&#8220;large&#8220; image_full_width=&#8220;on&#8220; image_scale=&#8220;df-image-zoom-in&#8220; _builder_version=&#8220;4.27.4&#8243; _module_preset=&#8220;default&#8220; hover_enabled=&#8220;0&#8243; global_colors_info=&#8220;{}&#8220; sticky_enabled=&#8220;0&#8243;][\/difl_cptitem][difl_cptitem type=&#8220;title&#8220; element_padding=&#8220;20px|20px|15px|20px|false|true&#8220; _builder_version=&#8220;4.18.0&#8243; _module_preset=&#8220;default&#8220; body_font=&#8220;||||||||&#8220; body_text_color=&#8220;#000000&#8243; body_font_size=&#8220;22px&#8220; global_colors_info=&#8220;{}&#8220;][\/difl_cptitem][difl_cptitem type=&#8220;content&#8220; use_post_excrpt=&#8220;on&#8220; excerpt_length=&#8220;200&#8243; element_padding=&#8220;|20px||20px|false|true&#8220; _builder_version=&#8220;4.18.0&#8243; _module_preset=&#8220;default&#8220; global_colors_info=&#8220;{}&#8220;][\/difl_cptitem][difl_cptitem type=&#8220;button&#8220; read_more_text=&#8220;Mehr lesen&#8220; element_padding=&#8220;|||20px|false|false&#8220; button_margin=&#8220;||30px||false|false&#8220; _builder_version=&#8220;4.18.0&#8243; _module_preset=&#8220;default&#8220; body_font=&#8220;||||on||||&#8220; body_font_size=&#8220;15px&#8220; global_colors_info=&#8220;{}&#8220;][\/difl_cptitem][\/difl_cptgrid][et_pb_code _builder_version=&#8220;4.18.0&#8243; _module_preset=&#8220;default&#8220; global_colors_info=&#8220;{}&#8220;]<\/p>\n<style><!-- [et_pb_line_break_holder] -->  .difl_cptgrid_0 .df-cpt-inner-wrap, .difl_cptgrid_2 .df-cpt-inner-wrap, .difl_cptgrid_1 .df-cpt-inner-wrap {<!-- [et_pb_line_break_holder] -->       min-height: 580px !important;<!-- [et_pb_line_break_holder] -->}<!-- [et_pb_line_break_holder] --><\/style>\n<p>[\/et_pb_code][\/et_pb_column][\/et_pb_row][et_pb_row disabled_on=&#8220;on|on|on&#8220; _builder_version=&#8220;4.19.0&#8243; _module_preset=&#8220;default&#8220; max_width=&#8220;1600px&#8220; disabled=&#8220;on&#8220; global_colors_info=&#8220;{}&#8220;][et_pb_column type=&#8220;4_4&#8243; _builder_version=&#8220;4.19.0&#8243; _module_preset=&#8220;default&#8220; global_colors_info=&#8220;{}&#8220;][dsm_advanced_tabs dsm_show_arrow=&#8220;off&#8220; dsm_content_animation=&#8220;fadeIn&#8220; dsm_tabs_horizontal_alignment=&#8220;center&#8220; dsm_tabs_gap=&#8220;20px&#8220; dsm_tabs_bg_color=&#8220;RGBA(255,255,255,0)&#8220; dsm_tabs_active_bg_color=&#8220;#b09552&#8243; dsm_tabs_text_color=&#8220;#b09552&#8243; dsm_tabs_active_text_color=&#8220;#FFFFFF&#8220; dsm_tabs_active_icon_color=&#8220;#FFFFFF&#8220; dsm_content_bg_color=&#8220;#f8f8f8&#8243; dsm_content_margin=&#8220;50px||||false|false&#8220; dsm_content_padding=&#8220;0px|0px|0px|0px|true|true&#8220; dsm_tabs_wrapper_padding=&#8220;13px|20px|13px|20px|true|true&#8220; dsm_tabs_wrapper_bg_color=&#8220;#ffffff&#8220; dsm_tabs_horizontal_alignment_tablet=&#8220;center&#8220; dsm_tabs_horizontal_alignment_phone=&#8220;center&#8220; dsm_tabs_horizontal_alignment_last_edited=&#8220;on|phone&#8220; dsm_tabs_gap_tablet=&#8220;20px&#8220; dsm_tabs_gap_phone=&#8220;3px&#8220; dsm_tabs_gap_last_edited=&#8220;on|phone&#8220; dsm_tabs_wrapper_width_tablet=&#8220;&#8220; dsm_tabs_wrapper_width_phone=&#8220;100%&#8220; dsm_tabs_wrapper_width_last_edited=&#8220;on|phone&#8220; dsm_tabs_wrapper_padding_tablet=&#8220;13px|13px|13px|13px|true|true&#8220; dsm_tabs_wrapper_padding_phone=&#8220;8px|5px|8px|5px|true|true&#8220; dsm_tabs_wrapper_padding_last_edited=&#8220;on|phone&#8220; _builder_version=&#8220;4.23.1&#8243; _module_preset=&#8220;default&#8220; tab_title_font=&#8220;|700|||||||&#8220; tab_title_font_size=&#8220;16px&#8220; image_icon_custom_padding=&#8220;10px|25px|10px|25px|true|true&#8220; image_icon_custom_padding_tablet=&#8220;10px|25px|10px|25px|true|true&#8220; image_icon_custom_padding_phone=&#8220;3px|11px|3px|11px|true|true&#8220; image_icon_custom_padding_last_edited=&#8220;on|phone&#8220; custom_margin=&#8220;0px||0px||false|false&#8220; custom_padding=&#8220;0px||0px||false|false&#8220; tab_title_font_size_tablet=&#8220;17px&#8220; tab_title_font_size_phone=&#8220;12px&#8220; tab_title_font_size_last_edited=&#8220;on|tablet&#8220; border_radii_dsm_tabs_border=&#8220;on|3px|3px|3px|3px&#8220; border_radii_dsm_tabs_wrapper_border=&#8220;on|3px|3px|3px|3px&#8220; border_width_all_dsm_content_border=&#8220;0px&#8220; box_shadow_style_tabs_wrapper_shadow=&#8220;preset1&#8243; box_shadow_color_tabs_wrapper_shadow=&#8220;rgba(0,0,0,0.1)&#8220; locked=&#8220;off&#8220; global_colors_info=&#8220;{}&#8220; dsm_tabs_text_color__hover_enabled=&#8220;on|desktop&#8220; dsm_tabs_text_color__hover=&#8220;#FFFFFF&#8220; dsm_tabs_bg_color__hover_enabled=&#8220;on|hover&#8220; dsm_tabs_bg_color__hover=&#8220;#b09552&#8243;][dsm_advanced_tabs_child dsm_title=&#8220;Weltweit&#8220; dsm_content_type=&#8220;library&#8220; dsm_content_library_layout=&#8220;461917|1&#8243; _builder_version=&#8220;4.19.0&#8243; _module_preset=&#8220;default&#8220; global_colors_info=&#8220;{}&#8220; parentOrderClass=&#8220;dsm_advanced_tabs_0&#8243;][\/dsm_advanced_tabs_child][dsm_advanced_tabs_child dsm_title=&#8220;Spanien &amp; Portugal&#8220; dsm_content_type=&#8220;library&#8220; dsm_content_library_layout=&#8220;461941|1&#8243; _builder_version=&#8220;4.19.0&#8243; _module_preset=&#8220;default&#8220; global_colors_info=&#8220;{}&#8220; parentOrderClass=&#8220;dsm_advanced_tabs_0&#8243;][\/dsm_advanced_tabs_child][dsm_advanced_tabs_child dsm_title=&#8220;Italien&#8220; dsm_content_type=&#8220;library&#8220; dsm_content_library_layout=&#8220;462625|1&#8243; _builder_version=&#8220;4.19.4&#8243; _module_preset=&#8220;default&#8220; global_colors_info=&#8220;{}&#8220; parentOrderClass=&#8220;dsm_advanced_tabs_0&#8243;][\/dsm_advanced_tabs_child][dsm_advanced_tabs_child dsm_title=&#8220;Frankreich&#8220; dsm_content_type=&#8220;library&#8220; dsm_content_library_layout=&#8220;461934|1&#8243; _builder_version=&#8220;4.19.0&#8243; _module_preset=&#8220;default&#8220; global_colors_info=&#8220;{}&#8220; parentOrderClass=&#8220;dsm_advanced_tabs_0&#8243;][\/dsm_advanced_tabs_child][dsm_advanced_tabs_child dsm_title=&#8220;Gro\u00dfbritannien &amp; Schottland&#8220; dsm_content_type=&#8220;library&#8220; dsm_content_library_layout=&#8220;461958|1&#8243; _builder_version=&#8220;4.19.0&#8243; _module_preset=&#8220;default&#8220; global_colors_info=&#8220;{}&#8220; parentOrderClass=&#8220;dsm_advanced_tabs_0&#8243;][\/dsm_advanced_tabs_child][dsm_advanced_tabs_child dsm_title=&#8220;Schweiz &amp; Deutschland &amp; \u00d6sterreich&#8220; dsm_content_type=&#8220;library&#8220; dsm_content_library_layout=&#8220;461905|1&#8243; _builder_version=&#8220;4.19.0&#8243; _module_preset=&#8220;default&#8220; global_colors_info=&#8220;{}&#8220; parentOrderClass=&#8220;dsm_advanced_tabs_0&#8243;][\/dsm_advanced_tabs_child][dsm_advanced_tabs_child dsm_title=&#8220;Nordeuropa&#8220; dsm_content_type=&#8220;library&#8220; dsm_content_library_layout=&#8220;461948|1&#8243; _builder_version=&#8220;4.23.1&#8243; _module_preset=&#8220;default&#8220; global_colors_info=&#8220;{}&#8220; parentOrderClass=&#8220;dsm_advanced_tabs_0&#8243;][\/dsm_advanced_tabs_child][dsm_advanced_tabs_child dsm_title=&#8220;Ost-Europa&#8220; dsm_content_type=&#8220;library&#8220; dsm_content_library_layout=&#8220;461927|1&#8243; _builder_version=&#8220;4.19.0&#8243; _module_preset=&#8220;default&#8220; global_colors_info=&#8220;{}&#8220; parentOrderClass=&#8220;dsm_advanced_tabs_0&#8243;][\/dsm_advanced_tabs_child][\/dsm_advanced_tabs][\/et_pb_column][\/et_pb_row][\/et_pb_section][et_pb_section fb_built=&#8220;1&#8243; _builder_version=&#8220;4.18.0&#8243; _module_preset=&#8220;default&#8220; background_color=&#8220;#191e28&#8243; background_enable_color=&#8220;off&#8220; background_image=&#8220;https:\/\/www.bonfiretravel.ch\/wp-content\/uploads\/2022\/08\/Kontakt-cta-1.png&#8220; global_module=&#8220;457164&#8243; saved_tabs=&#8220;all&#8220; global_colors_info=&#8220;{}&#8220;][et_pb_row _builder_version=&#8220;4.18.0&#8243; _module_preset=&#8220;default&#8220; max_width=&#8220;1000px&#8220; custom_margin=&#8220;0px||10px||false|false&#8220; global_colors_info=&#8220;{}&#8220;][et_pb_column type=&#8220;4_4&#8243; _builder_version=&#8220;4.18.0&#8243; _module_preset=&#8220;default&#8220; global_colors_info=&#8220;{}&#8220;][et_pb_text _builder_version=&#8220;4.23.1&#8243; _module_preset=&#8220;default&#8220; header_2_text_align=&#8220;center&#8220; text_orientation=&#8220;center&#8220; header_2_text_align_tablet=&#8220;center&#8220; global_colors_info=&#8220;{}&#8220;]<\/p>\n<h2>Kontakt-Formular<\/h2>\n<p>F\u00fcr weitere Informationen klicken Sie bitte hier:<\/p>\n<p>[\/et_pb_text][dsm_button button_one_text=&#8220;Jetzt kontaktieren&#8220; button_one_url=&#8220;https:\/\/www.bonfiretravel.ch\/de\/kontakt\/&#8220; button_two_text=&#8220;\u00dcber uns&#8220; button_two_url=&#8220;https:\/\/www.bonfiretravel.ch\/de\/ueber-uns\/&#8220; button_alignment=&#8220;center&#8220; _builder_version=&#8220;4.18.0&#8243; _module_preset=&#8220;a9f5e79c-9e5b-4eae-9f2f-c320ab579150&#8243; global_colors_info=&#8220;{}&#8220;][\/dsm_button][\/et_pb_column][\/et_pb_row][\/et_pb_section]<\/p>\n","protected":false},"excerpt":{"rendered":"<p>Entdecken Sie einzigartige Lagerfeuererlebnisse auf der ganzen Welt, von Strandfeuern bis hin zu R\u00fcckzugsorten in den Bergen, um unvergessliche Reiseerinnerungen unter dem Sternenhimmel zu schaffen.<\/p>\n","protected":false},"author":1,"featured_media":0,"parent":0,"menu_order":0,"comment_status":"closed","ping_status":"closed","template":"","meta":{"_et_pb_use_builder":"on","_et_pb_old_content":"","_et_gb_content_width":"","inline_featured_image":false,"footnotes":""},"class_list":["post-461015","page","type-page","status-publish","hentry"],"_links":{"self":[{"href":"https:\/\/www.bonfiretravel.ch\/de\/wp-json\/wp\/v2\/pages\/461015","targetHints":{"allow":["GET"]}}],"collection":[{"href":"https:\/\/www.bonfiretravel.ch\/de\/wp-json\/wp\/v2\/pages"}],"about":[{"href":"https:\/\/www.bonfiretravel.ch\/de\/wp-json\/wp\/v2\/types\/page"}],"author":[{"embeddable":true,"href":"https:\/\/www.bonfiretravel.ch\/de\/wp-json\/wp\/v2\/users\/1"}],"replies":[{"embeddable":true,"href":"https:\/\/www.bonfiretravel.ch\/de\/wp-json\/wp\/v2\/comments?post=461015"}],"version-history":[{"count":58,"href":"https:\/\/www.bonfiretravel.ch\/de\/wp-json\/wp\/v2\/pages\/461015\/revisions"}],"predecessor-version":[{"id":466914,"href":"https:\/\/www.bonfiretravel.ch\/de\/wp-json\/wp\/v2\/pages\/461015\/revisions\/466914"}],"wp:attachment":[{"href":"https:\/\/www.bonfiretravel.ch\/de\/wp-json\/wp\/v2\/media?parent=461015"}],"curies":[{"name":"wp","href":"https:\/\/api.w.org\/{rel}","templated":true}]}}