{"id":461024,"date":"2022-08-12T10:37:36","date_gmt":"2022-08-12T08:37:36","guid":{"rendered":"https:\/\/www.bonfiretravel.ch\/dienstleistungen\/"},"modified":"2025-03-19T13:34:41","modified_gmt":"2025-03-19T12:34:41","slug":"dienstleistungen","status":"publish","type":"page","link":"https:\/\/www.bonfiretravel.ch\/de\/dienstleistungen\/","title":{"rendered":"Dienstleistungen"},"content":{"rendered":"<p>[et_pb_section fb_built=&#8220;1&#8243; _builder_version=&#8220;4.18.0&#8243; _module_preset=&#8220;392394f7-733b-4d57-8d60-ec517e2d0951&#8243; background_image=&#8220;https:\/\/www.bonfiretravel.ch\/wp-content\/uploads\/2022\/08\/Bonfire-Travel-our-services-1.png&#8220; background_image_tablet=&#8220;https:\/\/www.bonfiretravel.ch\/wp-content\/uploads\/2022\/08\/Bonfire-Travel-our-services.jpg&#8220; background_enable_image_tablet=&#8220;on&#8220; global_colors_info=&#8220;{}&#8220;][et_pb_row column_structure=&#8220;1_2,1_2&#8243; _builder_version=&#8220;4.18.0&#8243; _module_preset=&#8220;default&#8220; global_colors_info=&#8220;{}&#8220;][et_pb_column type=&#8220;1_2&#8243; _builder_version=&#8220;4.18.0&#8243; _module_preset=&#8220;default&#8220; global_colors_info=&#8220;{}&#8220;][et_pb_text _builder_version=&#8220;4.18.0&#8243; _module_preset=&#8220;default&#8220; text_text_color=&#8220;#FFFFFF&#8220; header_font=&#8220;|||on|||||&#8220; header_text_color=&#8220;#FFFFFF&#8220; global_colors_info=&#8220;{}&#8220;]<\/p>\n<h1>Unsere Dienstleistungen<\/h1>\n<p>Bonfire Travel ist ein Anbieter von erstklassigen Reisedienstleistungen f\u00fcr alle Ihre Bed\u00fcrfnisse. Unsere Leidenschaft ist es, Menschen zu einem unvergesslichen Urlaub zu verhelfen.<\/p>\n<p>[\/et_pb_text][dsm_button button_one_text=&#8220;Mehr erfahren&#8220; button_one_url=&#8220;#section&#8220; button_two_text=&#8220;Kontakt&#8220; button_two_url=&#8220;https:\/\/www.bonfiretravel.ch\/de\/kontakt\/&#8220; _builder_version=&#8220;4.18.0&#8243; _module_preset=&#8220;f71fd788-57ce-40d8-acd8-8df62def2299&#8243; locked=&#8220;off&#8220; global_colors_info=&#8220;{}&#8220;][\/dsm_button][\/et_pb_column][et_pb_column type=&#8220;1_2&#8243; _builder_version=&#8220;4.18.0&#8243; _module_preset=&#8220;default&#8220; global_colors_info=&#8220;{}&#8220;][\/et_pb_column][\/et_pb_row][\/et_pb_section][et_pb_section fb_built=&#8220;1&#8243; _builder_version=&#8220;4.18.0&#8243; _module_preset=&#8220;default&#8220; background_color=&#8220;#191E28&#8243; global_colors_info=&#8220;{}&#8220;][et_pb_row _builder_version=&#8220;4.18.0&#8243; _module_preset=&#8220;default&#8220; global_colors_info=&#8220;{}&#8220;][et_pb_column type=&#8220;4_4&#8243; _builder_version=&#8220;4.18.0&#8243; _module_preset=&#8220;default&#8220; global_colors_info=&#8220;{}&#8220;][et_pb_text _builder_version=&#8220;4.18.0&#8243; _module_preset=&#8220;default&#8220; text_text_color=&#8220;#FFFFFF&#8220; header_2_text_align=&#8220;center&#8220; background_layout=&#8220;dark&#8220; global_colors_info=&#8220;{}&#8220;]<\/p>\n<h2>Unsere exklusiven Angebote<\/h2>\n<p>[\/et_pb_text][\/et_pb_column][\/et_pb_row][et_pb_row column_structure=&#8220;1_3,1_3,1_3&#8243; use_custom_gutter=&#8220;on&#8220; gutter_width=&#8220;2&#8243; make_equal=&#8220;on&#8220; _builder_version=&#8220;4.18.0&#8243; _module_preset=&#8220;default&#8220; global_colors_info=&#8220;{}&#8220;][et_pb_column type=&#8220;1_3&#8243; _builder_version=&#8220;4.18.0&#8243; _module_preset=&#8220;default&#8220; border_radii=&#8220;on|3px|3px|3px|3px&#8220; box_shadow_style=&#8220;preset1&#8243; box_shadow_color=&#8220;rgba(0,0,0,0.15)&#8220; global_colors_info=&#8220;{}&#8220;][et_pb_text _builder_version=&#8220;4.18.0&#8243; _module_preset=&#8220;07f7db42-30bb-43ee-a34c-0e47f0baade9&#8243; text_text_color=&#8220;#FFFFFF&#8220; background_image=&#8220;https:\/\/www.bonfiretravel.ch\/wp-content\/uploads\/2022\/11\/meals-1.png&#8220; background_enable_image=&#8220;on&#8220; background_layout=&#8220;dark&#8220; global_colors_info=&#8220;{}&#8220;]<\/p>\n<h3>Mahlzeiten<\/h3>\n<p>Um Ihr Reiseerlebnis zu unterstreichen, bieten wir verschiedene Arten von K\u00fcchen, Restaurants und Dinnershows an.<\/p>\n<p>Wir arbeiten mit einer Vielzahl von Restaurants und Catering-Anbietern zusammen, um Ihnen die perfekte Verpflegung f\u00fcr Ihr Erlebnis \/ Ihre Veranstaltung zu bieten &#8211; unter Ber\u00fccksichtigung spezieller di\u00e4tetischer Anforderungen.<\/p>\n<p>[\/et_pb_text][\/et_pb_column][et_pb_column type=&#8220;1_3&#8243; _builder_version=&#8220;4.18.0&#8243; _module_preset=&#8220;default&#8220; border_radii=&#8220;on|3px|3px|3px|3px&#8220; box_shadow_style=&#8220;preset1&#8243; box_shadow_color=&#8220;rgba(0,0,0,0.15)&#8220; global_colors_info=&#8220;{}&#8220;][et_pb_text _builder_version=&#8220;4.18.0&#8243; _module_preset=&#8220;07f7db42-30bb-43ee-a34c-0e47f0baade9&#8243; text_text_color=&#8220;#FFFFFF&#8220; background_image=&#8220;https:\/\/www.bonfiretravel.ch\/wp-content\/uploads\/2022\/11\/accomodation-1.png&#8220; background_enable_image=&#8220;on&#8220; background_layout=&#8220;dark&#8220; global_colors_info=&#8220;{}&#8220;]<\/p>\n<h3>Unterkunft<\/h3>\n<p>Ob im Stadtzentrum, am Meer, in den Bergen oder in der N\u00e4he des Flughafens &#8211; wir bieten eine gro\u00dfe Auswahl an Hotels f\u00fcr jeden Geschmack und Geldbeutel. Wir w\u00e4hlen unsere Partner sorgf\u00e4ltig aus, um die hohe Qualit\u00e4t der Dienstleistungen zu gew\u00e4hrleisten, die Sie verdienen.<\/p>\n<p>[\/et_pb_text][\/et_pb_column][et_pb_column type=&#8220;1_3&#8243; _builder_version=&#8220;4.18.0&#8243; _module_preset=&#8220;default&#8220; border_radii=&#8220;on|3px|3px|3px|3px&#8220; box_shadow_style=&#8220;preset1&#8243; box_shadow_color=&#8220;rgba(0,0,0,0.15)&#8220; global_colors_info=&#8220;{}&#8220;][et_pb_text _builder_version=&#8220;4.18.0&#8243; _module_preset=&#8220;07f7db42-30bb-43ee-a34c-0e47f0baade9&#8243; text_text_color=&#8220;#FFFFFF&#8220; background_image=&#8220;https:\/\/www.bonfiretravel.ch\/wp-content\/uploads\/2022\/11\/transportation-1.png&#8220; background_enable_image=&#8220;on&#8220; background_layout=&#8220;dark&#8220; global_colors_info=&#8220;{}&#8220;]<\/p>\n<h3>Transport<\/h3>\n<p>Unser Angebot umfasst Autos, Z\u00fcge, Boote, F\u00e4hren, Busse, Limousinen &#8211; was immer Sie w\u00fcnschen.<\/p>\n<p>F\u00fcr einen einzelnen Transfer oder eine lange Europatour bieten wir eine Vielzahl von Fahrzeugen in verschiedenen Gr\u00f6\u00dfen an.<\/p>\n<p>Wir w\u00e4hlen unsere Lieferanten sorgf\u00e4ltig aus, um neue, moderne Fahrzeuge mit hoher Servicequalit\u00e4t zu gew\u00e4hrleisten.<\/p>\n<p>[\/et_pb_text][\/et_pb_column][\/et_pb_row][et_pb_row column_structure=&#8220;1_3,1_3,1_3&#8243; use_custom_gutter=&#8220;on&#8220; gutter_width=&#8220;2&#8243; make_equal=&#8220;on&#8220; _builder_version=&#8220;4.18.0&#8243; _module_preset=&#8220;default&#8220; global_colors_info=&#8220;{}&#8220;][et_pb_column type=&#8220;1_3&#8243; _builder_version=&#8220;4.18.0&#8243; _module_preset=&#8220;default&#8220; border_radii=&#8220;on|3px|3px|3px|3px&#8220; box_shadow_style=&#8220;preset1&#8243; box_shadow_color=&#8220;rgba(0,0,0,0.15)&#8220; global_colors_info=&#8220;{}&#8220;][et_pb_text _builder_version=&#8220;4.18.0&#8243; _module_preset=&#8220;07f7db42-30bb-43ee-a34c-0e47f0baade9&#8243; text_text_color=&#8220;#FFFFFF&#8220; background_image=&#8220;https:\/\/www.bonfiretravel.ch\/wp-content\/uploads\/2022\/11\/guides-1.png&#8220; background_enable_image=&#8220;on&#8220; background_layout=&#8220;dark&#8220; global_colors_info=&#8220;{}&#8220;]<\/p>\n<h3>Attraktionen &amp; Reisef\u00fchrer<\/h3>\n<p>Auf der ganzen Welt bieten wir nicht nur die wichtigsten Touristenattraktionen, sondern auch neue und einzigartige Sehensw\u00fcrdigkeiten, die nur die Einheimischen kennen.<\/p>\n<p>Gleichzeitig arbeiten wir mit ortskundigen Reiseleitern zusammen, die in vielen verschiedenen Sprachen zur Verf\u00fcgung stehen.<\/p>\n<p>[\/et_pb_text][\/et_pb_column][et_pb_column type=&#8220;1_3&#8243; _builder_version=&#8220;4.18.0&#8243; _module_preset=&#8220;default&#8220; border_radii=&#8220;on|3px|3px|3px|3px&#8220; box_shadow_style=&#8220;preset1&#8243; box_shadow_color=&#8220;rgba(0,0,0,0.15)&#8220; global_colors_info=&#8220;{}&#8220;][et_pb_text _builder_version=&#8220;4.18.0&#8243; _module_preset=&#8220;07f7db42-30bb-43ee-a34c-0e47f0baade9&#8243; text_text_color=&#8220;#FFFFFF&#8220; background_image=&#8220;https:\/\/www.bonfiretravel.ch\/wp-content\/uploads\/2022\/11\/venues-1.png&#8220; background_enable_image=&#8220;on&#8220; background_layout=&#8220;dark&#8220; global_colors_info=&#8220;{}&#8220;]<\/p>\n<h3>Veranstaltungsorte<\/h3>\n<p>Wir kennen die \u00f6rtlichen Gegebenheiten f\u00fcr Ihr Treffen oder Ihre Veranstaltung, von exklusiven Schl\u00f6ssern, Burgen, Museen, Parks, Booten, Weing\u00fctern und vielen anderen spannenden Orten f\u00fcr kleine und gro\u00dfe Gruppen. Wir machen Ihre Veranstaltung einzigartig und zweifellos die erfolgreichste.<\/p>\n<p>[\/et_pb_text][\/et_pb_column][et_pb_column type=&#8220;1_3&#8243; _builder_version=&#8220;4.18.0&#8243; _module_preset=&#8220;default&#8220; border_radii=&#8220;on|3px|3px|3px|3px&#8220; box_shadow_style=&#8220;preset1&#8243; box_shadow_color=&#8220;rgba(0,0,0,0.15)&#8220; global_colors_info=&#8220;{}&#8220;][et_pb_text _builder_version=&#8220;4.18.0&#8243; _module_preset=&#8220;07f7db42-30bb-43ee-a34c-0e47f0baade9&#8243; text_text_color=&#8220;#FFFFFF&#8220; background_image=&#8220;https:\/\/www.bonfiretravel.ch\/wp-content\/uploads\/2022\/11\/activities-1.png&#8220; background_enable_image=&#8220;on&#8220; background_layout=&#8220;dark&#8220; global_colors_info=&#8220;{}&#8220;]<\/p>\n<h3>Aktivit\u00e4ten &amp; Teambuilding<\/h3>\n<p>Wir bieten Aktivit\u00e4ten f\u00fcr verschiedene Altersgruppen und Geschlechter mit ausgefallenen Optionen, die Ihr Erlebnis unvergesslich machen.<\/p>\n<p>[\/et_pb_text][\/et_pb_column][\/et_pb_row][\/et_pb_section][et_pb_section fb_built=&#8220;1&#8243; _builder_version=&#8220;4.18.0&#8243; _module_preset=&#8220;default&#8220; background_color=&#8220;#f8f8f8&#8243; global_colors_info=&#8220;{}&#8220;][et_pb_row _builder_version=&#8220;4.18.0&#8243; _module_preset=&#8220;default&#8220; global_colors_info=&#8220;{}&#8220;][et_pb_column type=&#8220;4_4&#8243; _builder_version=&#8220;4.18.0&#8243; _module_preset=&#8220;default&#8220; global_colors_info=&#8220;{}&#8220;][et_pb_text _builder_version=&#8220;4.18.0&#8243; _module_preset=&#8220;default&#8220; header_2_text_align=&#8220;center&#8220; header_2_text_align_tablet=&#8220;center&#8220; text_orientation_tablet=&#8220;center&#8220; global_colors_info=&#8220;{}&#8220;]<\/p>\n<h2>Was unsere Kunden sagen<\/h2>\n<p>[\/et_pb_text][\/et_pb_column][\/et_pb_row][et_pb_row _builder_version=&#8220;4.16&#8243; _module_preset=&#8220;default&#8220; global_colors_info=&#8220;{}&#8220;][et_pb_column type=&#8220;4_4&#8243; _builder_version=&#8220;4.16&#8243; _module_preset=&#8220;default&#8220; global_colors_info=&#8220;{}&#8220;][difl_testimonialcarousel loop=&#8220;on&#8220; autoplay=&#8220;on&#8220; arrow=&#8220;on&#8220; arrow_color=&#8220;#ffffff&#8220; arrow_background=&#8220;#000000&#8243; arrow_position=&#8220;top&#8220; arrow_align=&#8220;center&#8220; arrow_prev_margin=&#8220;|15px|||false|false&#8220; rating_padding=&#8220;||||false|false&#8220; text_margin=&#8220;||||false|false&#8220; text_padding=&#8220;|20px||20px|false|true&#8220; text_bg_bgcolor=&#8220;#ffffff&#8220; _builder_version=&#8220;4.18.0&#8243; _module_preset=&#8220;default&#8220; global_colors_info=&#8220;{}&#8220;][difl_testimonialcarouselitem author=&#8220;M.W. &amp; W.K. aus Berlin&#8220; job_title=&#8220;Zug Reise in der Schweiz&#8220; _builder_version=&#8220;4.18.0&#8243; _module_preset=&#8220;default&#8220; name_text_color=&#8220;#000000&#8243; body_text_color=&#8220;#000000&#8243; global_colors_info=&#8220;{}&#8220;]<\/p>\n<p style=\"font-weight: 400; text-align: center;\">Ihnen und Ihrer Kollegin von Bonfire Travel m\u00f6chten wir ganz herzlich f\u00fcr die gute Organisation unserer Reise in die Schweiz danken.<\/p>\n<p style=\"font-weight: 400; text-align: center;\"> Es hat alles ganz wunderbar geklappt, vor allem bei der R\u00fcckreise lief alles wie am Schn\u00fcrchen, keine Wartezeiten, l\u00fcckenlose Anschl\u00fcsse, ganz prima.<\/p>\n<p style=\"font-weight: 400; text-align: center;\">Selbst das Wetter hat mitgespielt, so dass wir herrliche Tage in den Bergen verbringen konnten.<\/p>\n<p style=\"font-weight: 400; text-align: center;\">F\u00fcr Ihre weitere Arbeit w\u00fcnschen wir Ihnen alles Gute und viele zufriedene Kunden.<\/p>\n<p style=\"font-weight: 400; text-align: center;\">Mit bestem Dank und freundlichen Gr\u00fc\u00dfen<\/p>\n<p>[\/difl_testimonialcarouselitem][difl_testimonialcarouselitem author=&#8220;Deepark&#8220; job_title=&#8220;Mice-Event in Z\u00fcrich&#8220; _builder_version=&#8220;4.18.0&#8243; _module_preset=&#8220;default&#8220; global_colors_info=&#8220;{}&#8220;]<\/p>\n<p style=\"text-align: center;\">Liebes Bonfire Travel Team<\/p>\n<p style=\"text-align: center;\">Eine erfolgreiche 4-N\u00e4chte-Veranstaltung in Z\u00fcrich ist zu Ende gegangen. Unsere Kunden waren sehr zufrieden und werden sich an das Teambuilding, das Sightseeing,<br \/>die einzigartige Unterkunft und nat\u00fcrlich den Gala-Abend erinnern. Atemberaubend und einpr\u00e4gsam, von A-Z.<\/p>\n<p style=\"text-align: center;\">Auch mein Team und ich werden uns an die reibungslose und gut organisierte Reise erinnern und m\u00f6chten uns bei Ihnen daf\u00fcr bedanken. Wir freuen uns darauf, mit Ihnen die n\u00e4chste Veranstaltung im Jahr 2023 zu planen!<\/p>\n<p>[\/difl_testimonialcarouselitem][difl_testimonialcarouselitem author=&#8220;Jessica &amp; Patrick, US&#8220; job_title=&#8220;Von Paris in die Schweiz&#8220; _builder_version=&#8220;4.18.0&#8243; _module_preset=&#8220;default&#8220; global_colors_info=&#8220;{}&#8220;]<\/p>\n<p style=\"text-align: center;\">Liebes Team<\/p>\n<p style=\"text-align: center;\">Vielen Dank f\u00fcr die Organisation dieser wunderbaren Reise. Mein Mann und ich hatten eine gro\u00dfartige Zeit und wir haben sie in vollen Z\u00fcgen genossen.<\/p>\n<p style=\"text-align: center;\">\n<p style=\"text-align: center;\">Ein besonderer Dank geht auch an Pooja und Manisha, die alle Vorbereitungen in letzter Minute getroffen haben. Wir wussten das zu sch\u00e4tzen.<\/p>\n<p style=\"text-align: center;\">Wir werden bei unserer n\u00e4chsten Kuttelreise nach Europa bald wieder auf Sie zur\u00fcckkommen.<\/p>\n<p>[\/difl_testimonialcarouselitem][\/difl_testimonialcarousel][\/et_pb_column][\/et_pb_row][\/et_pb_section]<\/p>\n","protected":false},"excerpt":{"rendered":"<p>Entdecken Sie einzigartige Lagerfeuererlebnisse auf der ganzen Welt, von Strandfeuern bis hin zu R\u00fcckzugsorten in den Bergen, um unvergessliche Reiseerinnerungen unter dem Sternenhimmel zu schaffen.<\/p>\n","protected":false},"author":1,"featured_media":0,"parent":0,"menu_order":0,"comment_status":"closed","ping_status":"closed","template":"","meta":{"_et_pb_use_builder":"on","_et_pb_old_content":"","_et_gb_content_width":"","inline_featured_image":false,"footnotes":""},"class_list":["post-461024","page","type-page","status-publish","hentry"],"_links":{"self":[{"href":"https:\/\/www.bonfiretravel.ch\/de\/wp-json\/wp\/v2\/pages\/461024","targetHints":{"allow":["GET"]}}],"collection":[{"href":"https:\/\/www.bonfiretravel.ch\/de\/wp-json\/wp\/v2\/pages"}],"about":[{"href":"https:\/\/www.bonfiretravel.ch\/de\/wp-json\/wp\/v2\/types\/page"}],"author":[{"embeddable":true,"href":"https:\/\/www.bonfiretravel.ch\/de\/wp-json\/wp\/v2\/users\/1"}],"replies":[{"embeddable":true,"href":"https:\/\/www.bonfiretravel.ch\/de\/wp-json\/wp\/v2\/comments?post=461024"}],"version-history":[{"count":5,"href":"https:\/\/www.bonfiretravel.ch\/de\/wp-json\/wp\/v2\/pages\/461024\/revisions"}],"predecessor-version":[{"id":466190,"href":"https:\/\/www.bonfiretravel.ch\/de\/wp-json\/wp\/v2\/pages\/461024\/revisions\/466190"}],"wp:attachment":[{"href":"https:\/\/www.bonfiretravel.ch\/de\/wp-json\/wp\/v2\/media?parent=461024"}],"curies":[{"name":"wp","href":"https:\/\/api.w.org\/{rel}","templated":true}]}}