{"id":461048,"date":"2022-08-29T11:05:11","date_gmt":"2022-08-29T09:05:11","guid":{"rendered":"https:\/\/www.bonfiretravel.ch\/mice\/"},"modified":"2025-03-31T13:14:15","modified_gmt":"2025-03-31T11:14:15","slug":"mice","status":"publish","type":"page","link":"https:\/\/www.bonfiretravel.ch\/de\/mice\/","title":{"rendered":"MICE"},"content":{"rendered":"<p>[et_pb_section fb_built=&#8220;1&#8243; _builder_version=&#8220;4.19.4&#8243; _module_preset=&#8220;2cddb5f3-c610-4bc9-a4d0-781fae2e0996&#8243; background_enable_image=&#8220;off&#8220; background_video_mp4=&#8220;https:\/\/www.bonfiretravel.ch\/wp-content\/uploads\/mice.mp4&#8243; background_last_edited=&#8220;on|desktop&#8220; use_background_color_gradient_tablet=&#8220;off&#8220; background_color_gradient_overlays_image_tablet=&#8220;on&#8220; background_enable_image_tablet=&#8220;off&#8220; background_position_tablet=&#8220;center_right&#8220; custom_css_before=&#8220;content: %22%22;||position: absolute;||top: 0;||left: 0;||width: 100%;||height: 100%;||background: black;||opacity: 45%;||z-index: 1;&#8220; global_colors_info=&#8220;{}&#8220;][et_pb_row column_structure=&#8220;1_2,1_2&#8243; _builder_version=&#8220;4.18.0&#8243; _module_preset=&#8220;default&#8220; global_colors_info=&#8220;{}&#8220;][et_pb_column type=&#8220;1_2&#8243; _builder_version=&#8220;4.18.0&#8243; _module_preset=&#8220;default&#8220; global_colors_info=&#8220;{}&#8220;][et_pb_text _builder_version=&#8220;4.18.0&#8243; _module_preset=&#8220;default&#8220; header_font=&#8220;|||on|||||&#8220; text_text_color_tablet=&#8220;#FFFFFF&#8220; text_text_color_phone=&#8220;#FFFFFF&#8220; text_text_color_last_edited=&#8220;on|tablet&#8220; header_text_color_tablet=&#8220;#FFFFFF&#8220; header_text_color_phone=&#8220;#FFFFFF&#8220; header_text_color_last_edited=&#8220;on|tablet&#8220; global_colors_info=&#8220;{}&#8220;]<\/p>\n<h1><span style=\"color: #ffffff;\">MICE<\/span><\/h1>\n<p><span style=\"color: #ffffff;\">Wir bieten die komplette Organisation und Abwicklung von Meetings, Incentives, Kongressen und Events. Ob ein kleines Meeting oder ein internationaler Kongress, wir unterst\u00fctzen Sie bei der Organisation Ihrer Veranstaltung nach Ihren W\u00fcnschen.<\/span><\/p>\n<p>[\/et_pb_text][dsm_button button_one_text=&#8220;Mehr erfahren&#8220; button_one_url=&#8220;#mehr-dazu&#8220; button_two_text=&#8220;Kontakt&#8220; button_two_url=&#8220;#contact-form&#8220; _builder_version=&#8220;4.19.4&#8243; _module_preset=&#8220;757a6065-1178-4c27-b804-f4dee27fa815&#8243; button_one_border_color=&#8220;#ffffff&#8220; button_two_text_color=&#8220;#ffffff&#8220; button_two_border_color=&#8220;#ffffff&#8220; global_colors_info=&#8220;{}&#8220; button_one_text_color__hover_enabled=&#8220;on|desktop&#8220;][\/dsm_button][\/et_pb_column][et_pb_column type=&#8220;1_2&#8243; _builder_version=&#8220;4.18.0&#8243; _module_preset=&#8220;default&#8220; global_colors_info=&#8220;{}&#8220;][\/et_pb_column][\/et_pb_row][\/et_pb_section][et_pb_section fb_built=&#8220;1&#8243; module_id=&#8220;mehr-dazu&#8220; _builder_version=&#8220;4.19.0&#8243; _module_preset=&#8220;default&#8220; background_color=&#8220;#191e28&#8243; global_colors_info=&#8220;{}&#8220;][et_pb_row disabled_on=&#8220;off|off|off&#8220; _builder_version=&#8220;4.18.0&#8243; _module_preset=&#8220;default&#8220; background_color=&#8220;#191e28&#8243; global_colors_info=&#8220;{}&#8220;][et_pb_column type=&#8220;4_4&#8243; _builder_version=&#8220;4.18.0&#8243; _module_preset=&#8220;default&#8220; global_colors_info=&#8220;{}&#8220;][difl_cptgrid post_type=&#8220;project&#8220; posts_number=&#8220;100&#8243; post_display=&#8220;by_tax&#8220; tax_for_project=&#8220;project_category&#8220; project_terms_project_category=&#8220;19&#8243; item_background_bgcolor=&#8220;#FFFFFF&#8220; item_background_color_gradient_1=&#8220;#FFFFFF&#8220; item_background_color_gradient_2=&#8220;#d4dbe3&#8243; item_background_start_position=&#8220;91.5%&#8220; item_background_end_position=&#8220;91.5%&#8220; pagination_background_bgcolor=&#8220;#89c14a&#8220; active_pagination_background_bgcolor=&#8220;#FFFFFF&#8220; wrapper_margin=&#8220;0px||||false|false&#8220; item_wrapper_padding=&#8220;0px||||false|false&#8220; item_margin=&#8220;-44px||||false|false&#8220; item_margin_tablet=&#8220;-44px||||false|false&#8220; item_margin_phone=&#8220;-44px||||false|false&#8220; item_margin_last_edited=&#8220;off|desktop&#8220; item_padding=&#8220;0px||0px||false|false&#8220; pagination_padding=&#8220;6px|10px|6px|10px|true|true&#8220; pagination_number_padding=&#8220;6px|10px|6px|10px|true|true&#8220; column_tablet=&#8220;2&#8243; column_phone=&#8220;1&#8243; column_last_edited=&#8220;on|desktop&#8220; _builder_version=&#8220;4.27.4&#8243; _module_preset=&#8220;default&#8220; pagination_font=&#8220;Inter||||||||&#8220; pagination_text_color=&#8220;#FFFFFF&#8220; active_pagination_font=&#8220;Inter||||||||&#8220; active_pagination_text_color=&#8220;#89c14a&#8220; max_width_tablet=&#8220;&#8220; max_width_phone=&#8220;425px&#8220; max_width_last_edited=&#8220;on|phone&#8220; max_height_tablet=&#8220;&#8220; max_height_phone=&#8220;&#8220; max_height_last_edited=&#8220;on|tablet&#8220; hover_enabled=&#8220;0&#8243; module_alignment_tablet=&#8220;&#8220; module_alignment_phone=&#8220;center&#8220; module_alignment_last_edited=&#8220;on|phone&#8220; border_radii_item_outer=&#8220;on|3px|3px|3px|3px&#8220; border_color_all_item_outer=&#8220;RGBA(255,255,255,0)&#8220; border_radii_pagination=&#8220;on|2px|2px|2px|2px&#8220; border_width_all_pagination=&#8220;1px&#8220; border_color_all_pagination=&#8220;#89c14a&#8220; box_shadow_style_item_outer=&#8220;preset1&#8243; box_shadow_color_item_outer=&#8220;rgba(0,0,0,0.15)&#8220; locked=&#8220;off&#8220; global_colors_info=&#8220;{}&#8220; box_shadow_blur_item_outer__hover_enabled=&#8220;off|desktop&#8220; box_shadow_blur_item_outer__hover=&#8220;10px&#8220; box_shadow_color_item_outer__hover_enabled=&#8220;on|hover&#8220; box_shadow_color_item_outer__hover=&#8220;rgba(0,0,0,0.3)&#8220; sticky_enabled=&#8220;0&#8243;][difl_cptitem type=&#8220;image&#8220; image_scale=&#8220;df-image-zoom-in&#8220; _builder_version=&#8220;4.27.4&#8243; _module_preset=&#8220;default&#8220; hover_enabled=&#8220;0&#8243; global_colors_info=&#8220;{}&#8220; image_size=&#8220;large&#8220; sticky_enabled=&#8220;0&#8243;][\/difl_cptitem][difl_cptitem type=&#8220;title&#8220; element_padding=&#8220;20px|20px|15px|20px|false|true&#8220; _builder_version=&#8220;4.18.0&#8243; _module_preset=&#8220;default&#8220; body_font=&#8220;||||||||&#8220; body_text_color=&#8220;#000000&#8243; body_font_size=&#8220;22px&#8220; global_colors_info=&#8220;{}&#8220;][\/difl_cptitem][difl_cptitem type=&#8220;content&#8220; use_post_excrpt=&#8220;on&#8220; excerpt_length=&#8220;200&#8243; element_padding=&#8220;|20px||20px|false|true&#8220; _builder_version=&#8220;4.18.0&#8243; _module_preset=&#8220;default&#8220; global_colors_info=&#8220;{}&#8220;][\/difl_cptitem][difl_cptitem type=&#8220;button&#8220; read_more_text=&#8220;Mehr lesen&#8220; element_padding=&#8220;|||20px|false|false&#8220; button_margin=&#8220;||30px||false|false&#8220; _builder_version=&#8220;4.18.0&#8243; _module_preset=&#8220;default&#8220; body_font=&#8220;||||on||||&#8220; body_font_size=&#8220;15px&#8220; global_colors_info=&#8220;{}&#8220;][\/difl_cptitem][\/difl_cptgrid][\/et_pb_column][\/et_pb_row][\/et_pb_section][et_pb_section fb_built=&#8220;1&#8243; _builder_version=&#8220;4.18.0&#8243; _module_preset=&#8220;default&#8220; background_color=&#8220;#191e28&#8243; global_colors_info=&#8220;{}&#8220;][et_pb_row column_structure=&#8220;1_3,1_3,1_3&#8243; _builder_version=&#8220;4.18.0&#8243; _module_preset=&#8220;default&#8220; global_colors_info=&#8220;{}&#8220;][et_pb_column type=&#8220;1_3&#8243; _builder_version=&#8220;4.18.0&#8243; _module_preset=&#8220;default&#8220; background_enable_color=&#8220;off&#8220; global_colors_info=&#8220;{}&#8220;][\/et_pb_column][et_pb_column type=&#8220;1_3&#8243; _builder_version=&#8220;4.18.0&#8243; _module_preset=&#8220;default&#8220; global_colors_info=&#8220;{}&#8220;][et_pb_text _builder_version=&#8220;4.19.0&#8243; _module_preset=&#8220;default&#8220; header_2_text_align=&#8220;center&#8220; header_2_text_color=&#8220;#ffffff&#8220; global_colors_info=&#8220;{}&#8220;]<\/p>\n<h2>Unsere Dienstleistungen<\/h2>\n<p>[\/et_pb_text][\/et_pb_column][et_pb_column type=&#8220;1_3&#8243; _builder_version=&#8220;4.18.0&#8243; _module_preset=&#8220;default&#8220; global_colors_info=&#8220;{}&#8220;][\/et_pb_column][\/et_pb_row][et_pb_row _builder_version=&#8220;4.18.0&#8243; _module_preset=&#8220;default&#8220; global_colors_info=&#8220;{}&#8220;][et_pb_column type=&#8220;4_4&#8243; _builder_version=&#8220;4.18.0&#8243; _module_preset=&#8220;default&#8220; global_colors_info=&#8220;{}&#8220;][difl_contentcarousel content_margin=&#8220;||||false|false&#8220; content_padding=&#8220;|20px|||false|false&#8220; _builder_version=&#8220;4.18.0&#8243; _module_preset=&#8220;default&#8220; global_colors_info=&#8220;{}&#8220;][difl_contentcarouselitem title=&#8220;Sightseeing&#8220; df_cci_image=&#8220;https:\/\/www.bonfiretravel.ch\/wp-content\/uploads\/2022\/10\/tower-bridge-980961-scaled.jpg&#8220; df_cci_use_icon=&#8220;off&#8220; df_title_bg_bgcolor=&#8220;#ffffff&#8220; df_subtitle_bg_bgcolor=&#8220;#ffffff&#8220; df_content_bg_bgcolor=&#8220;#ffffff&#8220; cc_button_button_url_new_window=&#8220;1&#8243; title_margin=&#8220;||||false|false&#8220; title_padding=&#8220;30px||10px|30px|false|false&#8220; subtitle_padding=&#8220;||||false|false&#8220; content_margin=&#8220;||||false|false&#8220; content_padding=&#8220;20px||35px|30px|false|false&#8220; _builder_version=&#8220;4.18.0&#8243; _module_preset=&#8220;default&#8220; max_width=&#8220;100%&#8220; height=&#8220;1000px&#8220; global_colors_info=&#8220;{}&#8220;]<\/p>\n<ul>\n<li class=\"font_8\"><span>Private gef\u00fchrte Stadtbesichtigungen<\/span><\/li>\n<li class=\"font_8\"><span>Ein Tag auf einem Berggipfel<\/span><\/li>\n<li class=\"font_8\"><span>Eine (privatisierte) Kreuzfahrt,<\/span><\/li>\n<li class=\"font_8\">Museen,<\/li>\n<li class=\"font_8\"><span>Besichtigung einer mittelalterlichen Stadt,<\/span><\/li>\n<li class=\"font_8\"><span>Fu\u00dfball-Stadien,<\/span><\/li>\n<li class=\"font_8\">Genie\u00dfen Sie eine Zugfahrt,<\/li>\n<li class=\"font_8\"><span>Ein Hubschrauberflug,<\/span><\/li>\n<li class=\"font_8\">Und vieles mehr, je nach Ihren W\u00fcnschen und Ihrem Reiseziel.<\/li>\n<\/ul>\n<p>&nbsp;<\/p>\n<p>[\/difl_contentcarouselitem][difl_contentcarouselitem title=&#8220;Unterkunft&#8220; df_cci_image=&#8220;https:\/\/www.bonfiretravel.ch\/wp-content\/uploads\/2022\/10\/monaco-1222715.jpg&#8220; df_title_bg_bgcolor=&#8220;#ffffff&#8220; df_subtitle_bg_bgcolor=&#8220;#ffffff&#8220; df_content_bg_bgcolor=&#8220;#ffffff&#8220; cc_button_button_url_new_window=&#8220;1&#8243; title_margin=&#8220;||||false|false&#8220; title_padding=&#8220;30px||10px|30px|false|false&#8220; subtitle_padding=&#8220;||||false|false&#8220; content_margin=&#8220;||||false|false&#8220; content_padding=&#8220;20px||260px|30px|false|false&#8220; _builder_version=&#8220;4.18.0&#8243; _module_preset=&#8220;default&#8220; max_width=&#8220;100%&#8220; height=&#8220;1000px&#8220; global_colors_info=&#8220;{}&#8220;]<\/p>\n<p><span>In der N\u00e4he des Veranstaltungsortes, im Stadtzentrum oder in der N\u00e4he des Flughafens &#8211; wir bieten Ihnen eine gro\u00dfe Auswahl an Hotels, je nach Ihren Bedingungen.<\/span><\/p>\n<p>[\/difl_contentcarouselitem][difl_contentcarouselitem title=&#8220;Transport&#8220; df_cci_image=&#8220;https:\/\/www.bonfiretravel.ch\/wp-content\/uploads\/2022\/11\/bmw-g41794a0d1_1920.jpg&#8220; df_title_bg_bgcolor=&#8220;#ffffff&#8220; df_subtitle_bg_bgcolor=&#8220;#ffffff&#8220; df_content_bg_bgcolor=&#8220;#ffffff&#8220; cc_button_button_url_new_window=&#8220;1&#8243; title_margin=&#8220;||||false|false&#8220; title_padding=&#8220;30px||10px|30px|false|false&#8220; subtitle_padding=&#8220;||||false|false&#8220; content_margin=&#8220;||||false|false&#8220; content_padding=&#8220;20px||260px|30px|false|false&#8220; _builder_version=&#8220;4.18.0&#8243; _module_preset=&#8220;default&#8220; max_width=&#8220;100%&#8220; height=&#8220;1000px&#8220; global_colors_info=&#8220;{}&#8220;]<\/p>\n<p><span>Wir arbeiten nur mit vertrauensw\u00fcrdigen Transportunternehmen<br \/><\/span><span>und deren lokalen, englischsprachigen Fahrern<br \/>(jede andere Sprache auf Anfrage m\u00f6glich).<\/span><\/p>\n<p>[\/difl_contentcarouselitem][\/difl_contentcarousel][\/et_pb_column][\/et_pb_row][et_pb_row _builder_version=&#8220;4.18.0&#8243; _module_preset=&#8220;default&#8220; global_colors_info=&#8220;{}&#8220;][et_pb_column type=&#8220;4_4&#8243; _builder_version=&#8220;4.18.0&#8243; _module_preset=&#8220;default&#8220; global_colors_info=&#8220;{}&#8220;][difl_contentcarousel _builder_version=&#8220;4.18.0&#8243; _module_preset=&#8220;default&#8220; global_colors_info=&#8220;{}&#8220;][difl_contentcarouselitem title=&#8220;Veranstaltungsorte&#8220; df_cci_image=&#8220;https:\/\/www.bonfiretravel.ch\/wp-content\/uploads\/2022\/09\/2.png&#8220; df_cci_use_icon=&#8220;off&#8220; df_title_bg_bgcolor=&#8220;#ffffff&#8220; df_subtitle_bg_bgcolor=&#8220;#ffffff&#8220; df_content_bg_bgcolor=&#8220;#ffffff&#8220; cc_button_button_url_new_window=&#8220;1&#8243; title_margin=&#8220;||||false|false&#8220; title_padding=&#8220;30px||10px|30px|false|false&#8220; subtitle_padding=&#8220;||||false|false&#8220; content_margin=&#8220;||||false|false&#8220; content_padding=&#8220;20px|20px|160px|30px|false|false&#8220; _builder_version=&#8220;4.18.0&#8243; _module_preset=&#8220;default&#8220; max_width=&#8220;100%&#8220; height=&#8220;1000px&#8220; global_colors_info=&#8220;{}&#8220;]<\/p>\n<p>Die Ortskenntnis verschiedener Veranstaltungsorte f\u00fcr Ihr Meeting oder Ihre Veranstaltung reicht von exklusiven Pal\u00e4sten und Schl\u00f6ssern \u00fcber Museen und Kirchen bis hin zu Parks und sogar Booten. Wir machen Ihre Veranstaltung einzigartig und zweifellos die erfolgreichste.<\/p>\n<p>&nbsp;<\/p>\n<p>[\/difl_contentcarouselitem][difl_contentcarouselitem title=&#8220;Aktivit\u00e4ten im Team&#8220; df_cci_image=&#8220;https:\/\/www.bonfiretravel.ch\/wp-content\/uploads\/2022\/09\/1.png&#8220; df_title_bg_bgcolor=&#8220;#ffffff&#8220; df_subtitle_bg_bgcolor=&#8220;#ffffff&#8220; df_content_bg_bgcolor=&#8220;#ffffff&#8220; cc_button_button_url_new_window=&#8220;1&#8243; title_margin=&#8220;||||false|false&#8220; title_padding=&#8220;30px||10px|30px|false|false&#8220; subtitle_padding=&#8220;||||false|false&#8220; content_margin=&#8220;||||false|false&#8220; content_padding=&#8220;20px||40px|30px|false|false&#8220; _builder_version=&#8220;4.18.0&#8243; _module_preset=&#8220;default&#8220; max_width=&#8220;100%&#8220; height=&#8220;1000px&#8220; global_colors_info=&#8220;{}&#8220;]<\/p>\n<ul>\n<li>Probefahrten mit dem Auto<\/li>\n<li>Fuchsschw\u00e4nze in Veranstaltungsorten oder in St\u00e4dten<\/li>\n<li>Herstellung eigener Lebensmittel und Getr\u00e4nke (Bier, Schokolade, K\u00e4se,&#8230;)<\/li>\n<li>verschiedene Verkostungen (Wein, Bier, K\u00e4se,&#8230;)<\/li>\n<li>Hei\u00dfluftballons<\/li>\n<li>Schneemobilsafari oder Rentierschlittenfahrt, und vieles mehr<\/li>\n<\/ul>\n<p>Wir organisieren Indoor- oder Outdoor-Teamaktivit\u00e4ten f\u00fcr Ihre Gruppen, ob klein oder gro\u00df.<\/p>\n<p>[\/difl_contentcarouselitem][difl_contentcarouselitem title=&#8220;Unterhaltung&#8220; df_cci_image=&#8220;https:\/\/www.bonfiretravel.ch\/wp-content\/uploads\/2022\/09\/3.png&#8220; df_title_bg_bgcolor=&#8220;#ffffff&#8220; df_subtitle_bg_bgcolor=&#8220;#ffffff&#8220; df_content_bg_bgcolor=&#8220;#ffffff&#8220; cc_button_button_url_new_window=&#8220;1&#8243; title_margin=&#8220;||||false|false&#8220; title_padding=&#8220;30px||10px|30px|false|false&#8220; subtitle_padding=&#8220;||||false|false&#8220; content_margin=&#8220;||||false|false&#8220; content_padding=&#8220;20px||90px|30px|false|false&#8220; _builder_version=&#8220;4.18.0&#8243; _module_preset=&#8220;default&#8220; max_width=&#8220;100%&#8220; height=&#8220;1000px&#8220; global_colors_info=&#8220;{}&#8220;]<\/p>\n<ul>\n<li>Videofilmer<\/li>\n<li>Fotograf<\/li>\n<li>MC \/ Anker<\/li>\n<li>DJ<\/li>\n<li>Tanztruppe<\/li>\n<li>K\u00fcnstler, Comedians<\/li>\n<li>Zeigt<\/li>\n<\/ul>\n<p>Teilen Sie uns Ihre W\u00fcnsche mit!<\/p>\n<p>[\/difl_contentcarouselitem][\/difl_contentcarousel][\/et_pb_column][\/et_pb_row][\/et_pb_section][et_pb_section fb_built=&#8220;1&#8243; module_id=&#8220;Kontakt-Formular&#8220; _builder_version=&#8220;4.18.0&#8243; _module_preset=&#8220;default&#8220; background_color=&#8220;#191e28&#8243; background_enable_color=&#8220;off&#8220; background_image=&#8220;https:\/\/www.bonfiretravel.ch\/wp-content\/uploads\/2022\/08\/Kontakt-cta-1.png&#8220; global_module=&#8220;459777&#8243; saved_tabs=&#8220;all&#8220; global_colors_info=&#8220;{}&#8220;][et_pb_row _builder_version=&#8220;4.18.0&#8243; _module_preset=&#8220;default&#8220; max_width=&#8220;1000px&#8220; custom_margin=&#8220;0px||10px||false|false&#8220; global_colors_info=&#8220;{}&#8220;][et_pb_column type=&#8220;4_4&#8243; _builder_version=&#8220;4.18.0&#8243; _module_preset=&#8220;default&#8220; global_colors_info=&#8220;{}&#8220;][et_pb_text _builder_version=&#8220;4.18.0&#8243; _module_preset=&#8220;default&#8220; header_2_text_align=&#8220;center&#8220; text_orientation=&#8220;center&#8220; header_2_text_align_tablet=&#8220;center&#8220; global_colors_info=&#8220;{}&#8220;]<\/p>\n<h2>Kontakt-Formular<\/h2>\n<p>F\u00fcr weitere Informationen klicken Sie bitte hier:<\/p>\n<p>[\/et_pb_text][dsm_button button_one_text=&#8220;Jetzt kontaktieren&#8220; button_one_url=&#8220;https:\/\/www.bonfiretravel.ch\/de\/kontakt\/&#8220; button_two_text=&#8220;\u00dcber uns&#8220; button_two_url=&#8220;https:\/\/www.bonfiretravel.ch\/de\/ueber-uns\/&#8220; button_alignment=&#8220;center&#8220; _builder_version=&#8220;4.18.0&#8243; _module_preset=&#8220;a9f5e79c-9e5b-4eae-9f2f-c320ab579150&#8243; global_colors_info=&#8220;{}&#8220;][\/dsm_button][\/et_pb_column][\/et_pb_row][\/et_pb_section]<\/p>\n","protected":false},"excerpt":{"rendered":"<p>Entdecken Sie einzigartige Lagerfeuererlebnisse auf der ganzen Welt, von Strandfeuern bis hin zu R\u00fcckzugsorten in den Bergen, um unvergessliche Reiseerinnerungen unter dem Sternenhimmel zu schaffen.<\/p>\n","protected":false},"author":1,"featured_media":0,"parent":0,"menu_order":0,"comment_status":"closed","ping_status":"closed","template":"","meta":{"_et_pb_use_builder":"on","_et_pb_old_content":"","_et_gb_content_width":"","inline_featured_image":false,"footnotes":""},"class_list":["post-461048","page","type-page","status-publish","hentry"],"_links":{"self":[{"href":"https:\/\/www.bonfiretravel.ch\/de\/wp-json\/wp\/v2\/pages\/461048","targetHints":{"allow":["GET"]}}],"collection":[{"href":"https:\/\/www.bonfiretravel.ch\/de\/wp-json\/wp\/v2\/pages"}],"about":[{"href":"https:\/\/www.bonfiretravel.ch\/de\/wp-json\/wp\/v2\/types\/page"}],"author":[{"embeddable":true,"href":"https:\/\/www.bonfiretravel.ch\/de\/wp-json\/wp\/v2\/users\/1"}],"replies":[{"embeddable":true,"href":"https:\/\/www.bonfiretravel.ch\/de\/wp-json\/wp\/v2\/comments?post=461048"}],"version-history":[{"count":88,"href":"https:\/\/www.bonfiretravel.ch\/de\/wp-json\/wp\/v2\/pages\/461048\/revisions"}],"predecessor-version":[{"id":466920,"href":"https:\/\/www.bonfiretravel.ch\/de\/wp-json\/wp\/v2\/pages\/461048\/revisions\/466920"}],"wp:attachment":[{"href":"https:\/\/www.bonfiretravel.ch\/de\/wp-json\/wp\/v2\/media?parent=461048"}],"curies":[{"name":"wp","href":"https:\/\/api.w.org\/{rel}","templated":true}]}}